{"id":12,"date":"2025-10-13T02:53:54","date_gmt":"2025-10-13T02:53:54","guid":{"rendered":"https:\/\/crealight.it\/?page_id=12"},"modified":"2025-12-27T17:07:17","modified_gmt":"2025-12-27T17:07:17","slug":"light","status":"publish","type":"page","link":"https:\/\/crealight.it\/it\/light\/","title":{"rendered":"LIGHT"},"content":{"rendered":"<div data-elementor-type=\"wp-page\" data-elementor-id=\"12\" class=\"elementor elementor-12\" data-elementor-post-type=\"page\">\n\t\t\t\t<div class=\"elementor-element elementor-element-2050a6d e-con-full e-flex e-con e-parent\" data-id=\"2050a6d\" data-element_type=\"container\" data-settings=\"{&quot;background_background&quot;:&quot;classic&quot;}\">\n\t\t\t\t<div class=\"elementor-element elementor-element-450a44a elementor-invisible elementor-widget elementor-widget-heading\" data-id=\"450a44a\" data-element_type=\"widget\" data-settings=\"{&quot;_animation&quot;:&quot;slideInUp&quot;}\" data-widget_type=\"heading.default\">\n\t\t\t\t\t<h1 class=\"elementor-heading-title elementor-size-default\">Lichttechnik in S\u00fcdtirol\n<\/h1>\t\t\t\t<\/div>\n\t\t\t\t<div class=\"elementor-element elementor-element-de3d7b7 elementor-invisible elementor-widget elementor-widget-heading\" data-id=\"de3d7b7\" data-element_type=\"widget\" data-settings=\"{&quot;_animation&quot;:&quot;slideInUp&quot;}\" data-widget_type=\"heading.default\">\n\t\t\t\t\t<h3 class=\"elementor-heading-title elementor-size-default\"> Licht, das Emotionen schafft\n<\/h3>\t\t\t\t<\/div>\n\t\t\t\t<\/div>\n\t\t<div class=\"elementor-element elementor-element-8d83373 e-flex e-con-boxed elementor-invisible e-con e-parent\" data-id=\"8d83373\" data-element_type=\"container\" data-settings=\"{&quot;animation&quot;:&quot;fadeInUp&quot;}\">\n\t\t\t\t\t<div class=\"e-con-inner\">\n\t\t\t\t<div class=\"elementor-element elementor-element-3380470 elementor-widget elementor-widget-text-editor\" data-id=\"3380470\" data-element_type=\"widget\" data-widget_type=\"text-editor.default\">\n\t\t\t\t\t\t\t\t\t<p><span style=\"font-weight: 400;\">Licht ist mehr als Helligkeit \u2013 es ist Stimmung, Dramaturgie und Atmosph\u00e4re.<\/span><span style=\"font-weight: 400;\"><br \/><\/span><span style=\"font-weight: 400;\">Unsere Lichttechniker gestalten individuelle Beleuchtungskonzepte, die deine B\u00fchne, Ausstellung oder Veranstaltung perfekt in Szene setzen.<\/span><\/p><p><span style=\"font-weight: 400;\">Von Spots \u00fcber Moving Lights bis zu kompletten Traversenanlagen \u2013 wir liefern das passende Lichtsetup f\u00fcr jede B\u00fchne.<\/span><span style=\"font-weight: 400;\"><br \/><\/span><span style=\"font-weight: 400;\">Unsere Leidenschaft: das Spiel mit Farbe, Helligkeit und Bewegung \u2013 pr\u00e4zise abgestimmt auf dein Event.<\/span><\/p><h3><span style=\"font-weight: 400;\">Lichttechnik mieten<\/span><\/h3><p><span style=\"font-weight: 400;\">Wir verleihen Scheinwerfer, Lichteffekte, LED-Systeme und Zubeh\u00f6r.<\/span><span style=\"font-weight: 400;\"><br \/><\/span><span style=\"font-weight: 400;\">Ob du Unterst\u00fctzung beim Aufbau brauchst oder alles selbst \u00fcbernehmen m\u00f6chtest \u2013 wir machen es dir einfach.<\/span><\/p>\t\t\t\t\t\t\t\t<\/div>\n\t\t\t\t<div class=\"elementor-element elementor-element-a146a77 elementor-icon-list--layout-traditional elementor-list-item-link-full_width elementor-widget elementor-widget-icon-list\" data-id=\"a146a77\" data-element_type=\"widget\" data-widget_type=\"icon-list.default\">\n\t\t\t\t\t\t\t<ul class=\"elementor-icon-list-items\">\n\t\t\t\t\t\t\t<li class=\"elementor-icon-list-item\">\n\t\t\t\t\t\t\t\t\t\t\t<span class=\"elementor-icon-list-icon\">\n\t\t\t\t\t\t\t<svg aria-hidden=\"true\" class=\"e-font-icon-svg e-fas-check\" viewbox=\"0 0 512 512\" xmlns=\"http:\/\/www.w3.org\/2000\/svg\"><path d=\"M173.898 439.404l-166.4-166.4c-9.997-9.997-9.997-26.206 0-36.204l36.203-36.204c9.997-9.998 26.207-9.998 36.204 0L192 312.69 432.095 72.596c9.997-9.997 26.207-9.997 36.204 0l36.203 36.204c9.997 9.997 9.997 26.206 0 36.204l-294.4 294.401c-9.998 9.997-26.207 9.997-36.204-.001z\"><\/path><\/svg>\t\t\t\t\t\t<\/span>\n\t\t\t\t\t\t\t\t\t\t<span class=\"elementor-icon-list-text\">Lichtdesign <\/span>\n\t\t\t\t\t\t\t\t\t<\/li>\n\t\t\t\t\t\t\t\t<li class=\"elementor-icon-list-item\">\n\t\t\t\t\t\t\t\t\t\t\t<span class=\"elementor-icon-list-icon\">\n\t\t\t\t\t\t\t<svg aria-hidden=\"true\" class=\"e-font-icon-svg e-fas-check\" viewbox=\"0 0 512 512\" xmlns=\"http:\/\/www.w3.org\/2000\/svg\"><path d=\"M173.898 439.404l-166.4-166.4c-9.997-9.997-9.997-26.206 0-36.204l36.203-36.204c9.997-9.998 26.207-9.998 36.204 0L192 312.69 432.095 72.596c9.997-9.997 26.207-9.997 36.204 0l36.203 36.204c9.997 9.997 9.997 26.206 0 36.204l-294.4 294.401c-9.998 9.997-26.207 9.997-36.204-.001z\"><\/path><\/svg>\t\t\t\t\t\t<\/span>\n\t\t\t\t\t\t\t\t\t\t<span class=\"elementor-icon-list-text\">Verleih <\/span>\n\t\t\t\t\t\t\t\t\t<\/li>\n\t\t\t\t\t\t\t\t<li class=\"elementor-icon-list-item\">\n\t\t\t\t\t\t\t\t\t\t\t<span class=\"elementor-icon-list-icon\">\n\t\t\t\t\t\t\t<svg aria-hidden=\"true\" class=\"e-font-icon-svg e-fas-check\" viewbox=\"0 0 512 512\" xmlns=\"http:\/\/www.w3.org\/2000\/svg\"><path d=\"M173.898 439.404l-166.4-166.4c-9.997-9.997-9.997-26.206 0-36.204l36.203-36.204c9.997-9.998 26.207-9.998 36.204 0L192 312.69 432.095 72.596c9.997-9.997 26.207-9.997 36.204 0l36.203 36.204c9.997 9.997 9.997 26.206 0 36.204l-294.4 294.401c-9.998 9.997-26.207 9.997-36.204-.001z\"><\/path><\/svg>\t\t\t\t\t\t<\/span>\n\t\t\t\t\t\t\t\t\t\t<span class=\"elementor-icon-list-text\">Betreuung <\/span>\n\t\t\t\t\t\t\t\t\t<\/li>\n\t\t\t\t\t\t<\/ul>\n\t\t\t\t\t\t<\/div>\n\t\t\t\t<div class=\"elementor-element elementor-element-241eaf4 elementor-align-left elementor-invisible elementor-widget elementor-widget-button\" data-id=\"241eaf4\" data-element_type=\"widget\" data-settings=\"{&quot;_animation&quot;:&quot;fadeInUp&quot;}\" data-widget_type=\"button.default\">\n\t\t\t\t\t\t\t\t\t\t<a class=\"elementor-button elementor-button-link elementor-size-sm\" href=\"https:\/\/crealight.it\/it\/kontak\/\">\n\t\t\t\t\t\t<span class=\"elementor-button-content-wrapper\">\n\t\t\t\t\t\t\t\t\t<span class=\"elementor-button-text\">Jetzt anfragen!<\/span>\n\t\t\t\t\t<\/span>\n\t\t\t\t\t<\/a>\n\t\t\t\t\t\t\t\t<\/div>\n\t\t\t\t\t<\/div>\n\t\t\t\t<\/div>\n\t\t<div class=\"elementor-element elementor-element-4a1a965 e-flex e-con-boxed e-con e-parent\" data-id=\"4a1a965\" data-element_type=\"container\">\n\t\t\t\t\t<div class=\"e-con-inner\">\n\t\t\t\t<div class=\"elementor-element elementor-element-dbdcfd9 elementor-widget elementor-widget-image\" data-id=\"dbdcfd9\" data-element_type=\"widget\" data-widget_type=\"image.default\">\n\t\t\t\t\t\t\t\t\t\t\t\t\t\t\t<img fetchpriority=\"high\" decoding=\"async\" width=\"800\" height=\"450\" src=\"https:\/\/crealight.it\/wp-content\/uploads\/2025\/10\/19.jpeg\" class=\"attachment-large size-large wp-image-58\" alt=\"\" srcset=\"https:\/\/crealight.it\/wp-content\/uploads\/2025\/10\/19.jpeg 1024w, https:\/\/crealight.it\/wp-content\/uploads\/2025\/10\/19-300x169.jpeg 300w, https:\/\/crealight.it\/wp-content\/uploads\/2025\/10\/19-768x432.jpeg 768w\" sizes=\"(max-width: 800px) 100vw, 800px\" \/>\t\t\t\t\t\t\t\t\t\t\t\t\t\t\t<\/div>\n\t\t\t\t\t<\/div>\n\t\t\t\t<\/div>\n\t\t\t\t<\/div>","protected":false},"excerpt":{"rendered":"<p>Lichttechnik in S\u00fcdtirol Licht, das Emotionen schafft Licht ist mehr als Helligkeit \u2013 es ist Stimmung, Dramaturgie und Atmosph\u00e4re.Unsere Lichttechniker gestalten individuelle Beleuchtungskonzepte, die deine B\u00fchne, Ausstellung oder Veranstaltung perfekt in Szene setzen. Von Spots \u00fcber Moving Lights bis zu kompletten Traversenanlagen \u2013 wir liefern das passende Lichtsetup f\u00fcr jede B\u00fchne.Unsere Leidenschaft: das Spiel mit [&hellip;]<\/p>","protected":false},"author":1,"featured_media":0,"parent":0,"menu_order":0,"comment_status":"closed","ping_status":"closed","template":"elementor_header_footer","meta":{"footnotes":""},"class_list":["post-12","page","type-page","status-publish","hentry"],"yoast_head":"<!-- This site is optimized with the Yoast SEO plugin v26.3 - https:\/\/yoast.com\/wordpress\/plugins\/seo\/ -->\n<title>\u25b7 Lichttechnik | Crealight Veranstaltungstechnik S\u00fcdtirol<\/title>\n<meta name=\"description\" content=\"Professionelle Lichttechnik f\u00fcr Theater, Kultur &amp; Events.\u2713 Lichtdesign \u2713 Verleih \u2713 Betreuung \u27a1 Jetzt anfragen!\" \/>\n<meta name=\"robots\" content=\"index, follow, max-snippet:-1, max-image-preview:large, max-video-preview:-1\" \/>\n<link rel=\"canonical\" href=\"https:\/\/crealight.it\/it\/light\/\" \/>\n<meta property=\"og:locale\" content=\"it_IT\" \/>\n<meta property=\"og:type\" content=\"article\" \/>\n<meta property=\"og:title\" content=\"\u25b7 Lichttechnik | Crealight Veranstaltungstechnik S\u00fcdtirol\" \/>\n<meta property=\"og:description\" content=\"Professionelle Lichttechnik f\u00fcr Theater, Kultur &amp; Events.\u2713 Lichtdesign \u2713 Verleih \u2713 Betreuung \u27a1 Jetzt anfragen!\" \/>\n<meta property=\"og:url\" content=\"https:\/\/crealight.it\/it\/light\/\" \/>\n<meta property=\"og:site_name\" content=\"Crealight Veranstaltungstechnik\" \/>\n<meta property=\"article:modified_time\" content=\"2025-12-27T17:07:17+00:00\" \/>\n<meta property=\"og:image\" content=\"https:\/\/crealight.it\/wp-content\/uploads\/2025\/10\/19.jpeg\" \/>\n\t<meta property=\"og:image:width\" content=\"1024\" \/>\n\t<meta property=\"og:image:height\" content=\"576\" \/>\n\t<meta property=\"og:image:type\" content=\"image\/jpeg\" \/>\n<meta name=\"twitter:card\" content=\"summary_large_image\" \/>\n<meta name=\"twitter:label1\" content=\"Tempo di lettura stimato\" \/>\n\t<meta name=\"twitter:data1\" content=\"1 minuto\" \/>\n<script type=\"application\/ld+json\" class=\"yoast-schema-graph\">{\"@context\":\"https:\/\/schema.org\",\"@graph\":[{\"@type\":\"WebPage\",\"@id\":\"https:\/\/crealight.it\/light\/\",\"url\":\"https:\/\/crealight.it\/light\/\",\"name\":\"\u25b7 Lichttechnik | Crealight Veranstaltungstechnik S\u00fcdtirol\",\"isPartOf\":{\"@id\":\"https:\/\/crealight.it\/#website\"},\"primaryImageOfPage\":{\"@id\":\"https:\/\/crealight.it\/light\/#primaryimage\"},\"image\":{\"@id\":\"https:\/\/crealight.it\/light\/#primaryimage\"},\"thumbnailUrl\":\"https:\/\/crealight.it\/wp-content\/uploads\/2025\/10\/19.jpeg\",\"datePublished\":\"2025-10-13T02:53:54+00:00\",\"dateModified\":\"2025-12-27T17:07:17+00:00\",\"description\":\"Professionelle Lichttechnik f\u00fcr Theater, Kultur & Events.\u2713 Lichtdesign \u2713 Verleih \u2713 Betreuung \u27a1 Jetzt anfragen!\",\"breadcrumb\":{\"@id\":\"https:\/\/crealight.it\/light\/#breadcrumb\"},\"inLanguage\":\"it-IT\",\"potentialAction\":[{\"@type\":\"ReadAction\",\"target\":[\"https:\/\/crealight.it\/light\/\"]}]},{\"@type\":\"ImageObject\",\"inLanguage\":\"it-IT\",\"@id\":\"https:\/\/crealight.it\/light\/#primaryimage\",\"url\":\"https:\/\/crealight.it\/wp-content\/uploads\/2025\/10\/19.jpeg\",\"contentUrl\":\"https:\/\/crealight.it\/wp-content\/uploads\/2025\/10\/19.jpeg\"},{\"@type\":\"BreadcrumbList\",\"@id\":\"https:\/\/crealight.it\/light\/#breadcrumb\",\"itemListElement\":[{\"@type\":\"ListItem\",\"position\":1,\"name\":\"Home\",\"item\":\"https:\/\/crealight.it\/\"},{\"@type\":\"ListItem\",\"position\":2,\"name\":\"LIGHT\"}]},{\"@type\":\"WebSite\",\"@id\":\"https:\/\/crealight.it\/#website\",\"url\":\"https:\/\/crealight.it\/\",\"name\":\"Crealight Veranstaltungstechnik\",\"description\":\"Light Audio Video Stage - Eventtechnik\",\"publisher\":{\"@id\":\"https:\/\/crealight.it\/#organization\"},\"potentialAction\":[{\"@type\":\"SearchAction\",\"target\":{\"@type\":\"EntryPoint\",\"urlTemplate\":\"https:\/\/crealight.it\/?s={search_term_string}\"},\"query-input\":{\"@type\":\"PropertyValueSpecification\",\"valueRequired\":true,\"valueName\":\"search_term_string\"}}],\"inLanguage\":\"it-IT\"},{\"@type\":\"Organization\",\"@id\":\"https:\/\/crealight.it\/#organization\",\"name\":\"Crealight Veranstaltungstechnik\",\"url\":\"https:\/\/crealight.it\/\",\"logo\":{\"@type\":\"ImageObject\",\"inLanguage\":\"it-IT\",\"@id\":\"https:\/\/crealight.it\/#\/schema\/logo\/image\/\",\"url\":\"https:\/\/crealight.it\/wp-content\/uploads\/2025\/12\/cropped-cropped-crealight-logo-positiv-rgb.png\",\"contentUrl\":\"https:\/\/crealight.it\/wp-content\/uploads\/2025\/12\/cropped-cropped-crealight-logo-positiv-rgb.png\",\"width\":842,\"height\":144,\"caption\":\"Crealight Veranstaltungstechnik \"},\"image\":{\"@id\":\"https:\/\/crealight.it\/#\/schema\/logo\/image\/\"}}]}<\/script>\n<!-- \/ Yoast SEO plugin. -->","yoast_head_json":{"title":"\u25b7 Lichttechnik | Crealight Veranstaltungstechnik S\u00fcdtirol","description":"Professionelle Lichttechnik f\u00fcr Theater, Kultur & Events.\u2713 Lichtdesign \u2713 Verleih \u2713 Betreuung \u27a1 Jetzt anfragen!","robots":{"index":"index","follow":"follow","max-snippet":"max-snippet:-1","max-image-preview":"max-image-preview:large","max-video-preview":"max-video-preview:-1"},"canonical":"https:\/\/crealight.it\/it\/light\/","og_locale":"it_IT","og_type":"article","og_title":"\u25b7 Lichttechnik | Crealight Veranstaltungstechnik S\u00fcdtirol","og_description":"Professionelle Lichttechnik f\u00fcr Theater, Kultur & Events.\u2713 Lichtdesign \u2713 Verleih \u2713 Betreuung \u27a1 Jetzt anfragen!","og_url":"https:\/\/crealight.it\/it\/light\/","og_site_name":"Crealight Veranstaltungstechnik","article_modified_time":"2025-12-27T17:07:17+00:00","og_image":[{"width":1024,"height":576,"url":"https:\/\/crealight.it\/wp-content\/uploads\/2025\/10\/19.jpeg","type":"image\/jpeg"}],"twitter_card":"summary_large_image","twitter_misc":{"Tempo di lettura stimato":"1 minuto"},"schema":{"@context":"https:\/\/schema.org","@graph":[{"@type":"WebPage","@id":"https:\/\/crealight.it\/light\/","url":"https:\/\/crealight.it\/light\/","name":"\u25b7 Lichttechnik | Crealight Veranstaltungstechnik S\u00fcdtirol","isPartOf":{"@id":"https:\/\/crealight.it\/#website"},"primaryImageOfPage":{"@id":"https:\/\/crealight.it\/light\/#primaryimage"},"image":{"@id":"https:\/\/crealight.it\/light\/#primaryimage"},"thumbnailUrl":"https:\/\/crealight.it\/wp-content\/uploads\/2025\/10\/19.jpeg","datePublished":"2025-10-13T02:53:54+00:00","dateModified":"2025-12-27T17:07:17+00:00","description":"Professionelle Lichttechnik f\u00fcr Theater, Kultur & Events.\u2713 Lichtdesign \u2713 Verleih \u2713 Betreuung \u27a1 Jetzt anfragen!","breadcrumb":{"@id":"https:\/\/crealight.it\/light\/#breadcrumb"},"inLanguage":"it-IT","potentialAction":[{"@type":"ReadAction","target":["https:\/\/crealight.it\/light\/"]}]},{"@type":"ImageObject","inLanguage":"it-IT","@id":"https:\/\/crealight.it\/light\/#primaryimage","url":"https:\/\/crealight.it\/wp-content\/uploads\/2025\/10\/19.jpeg","contentUrl":"https:\/\/crealight.it\/wp-content\/uploads\/2025\/10\/19.jpeg"},{"@type":"BreadcrumbList","@id":"https:\/\/crealight.it\/light\/#breadcrumb","itemListElement":[{"@type":"ListItem","position":1,"name":"Home","item":"https:\/\/crealight.it\/"},{"@type":"ListItem","position":2,"name":"LIGHT"}]},{"@type":"WebSite","@id":"https:\/\/crealight.it\/#website","url":"https:\/\/crealight.it\/","name":"Crealight Veranstaltungstechnik","description":"Light Audio Video Stage - Eventtechnik","publisher":{"@id":"https:\/\/crealight.it\/#organization"},"potentialAction":[{"@type":"SearchAction","target":{"@type":"EntryPoint","urlTemplate":"https:\/\/crealight.it\/?s={search_term_string}"},"query-input":{"@type":"PropertyValueSpecification","valueRequired":true,"valueName":"search_term_string"}}],"inLanguage":"it-IT"},{"@type":"Organization","@id":"https:\/\/crealight.it\/#organization","name":"Crealight Veranstaltungstechnik","url":"https:\/\/crealight.it\/","logo":{"@type":"ImageObject","inLanguage":"it-IT","@id":"https:\/\/crealight.it\/#\/schema\/logo\/image\/","url":"https:\/\/crealight.it\/wp-content\/uploads\/2025\/12\/cropped-cropped-crealight-logo-positiv-rgb.png","contentUrl":"https:\/\/crealight.it\/wp-content\/uploads\/2025\/12\/cropped-cropped-crealight-logo-positiv-rgb.png","width":842,"height":144,"caption":"Crealight Veranstaltungstechnik "},"image":{"@id":"https:\/\/crealight.it\/#\/schema\/logo\/image\/"}}]}},"_links":{"self":[{"href":"https:\/\/crealight.it\/it\/wp-json\/wp\/v2\/pages\/12","targetHints":{"allow":["GET"]}}],"collection":[{"href":"https:\/\/crealight.it\/it\/wp-json\/wp\/v2\/pages"}],"about":[{"href":"https:\/\/crealight.it\/it\/wp-json\/wp\/v2\/types\/page"}],"author":[{"embeddable":true,"href":"https:\/\/crealight.it\/it\/wp-json\/wp\/v2\/users\/1"}],"replies":[{"embeddable":true,"href":"https:\/\/crealight.it\/it\/wp-json\/wp\/v2\/comments?post=12"}],"version-history":[{"count":10,"href":"https:\/\/crealight.it\/it\/wp-json\/wp\/v2\/pages\/12\/revisions"}],"predecessor-version":[{"id":985,"href":"https:\/\/crealight.it\/it\/wp-json\/wp\/v2\/pages\/12\/revisions\/985"}],"wp:attachment":[{"href":"https:\/\/crealight.it\/it\/wp-json\/wp\/v2\/media?parent=12"}],"curies":[{"name":"wp","href":"https:\/\/api.w.org\/{rel}","templated":true}]}}