{"id":227,"date":"2025-10-13T04:14:58","date_gmt":"2025-10-13T04:14:58","guid":{"rendered":"https:\/\/crealight.it\/?page_id=227"},"modified":"2025-12-27T17:10:25","modified_gmt":"2025-12-27T17:10:25","slug":"installations","status":"publish","type":"page","link":"https:\/\/crealight.it\/it\/installations\/","title":{"rendered":"INSTALLATIONS"},"content":{"rendered":"<div data-elementor-type=\"wp-page\" data-elementor-id=\"227\" class=\"elementor elementor-227\" data-elementor-post-type=\"page\">\n\t\t\t\t<div class=\"elementor-element elementor-element-e9607c1 e-con-full e-flex e-con e-parent\" data-id=\"e9607c1\" data-element_type=\"container\" data-settings=\"{&quot;background_background&quot;:&quot;classic&quot;}\">\n\t\t\t\t<div class=\"elementor-element elementor-element-e1ef1e5 elementor-widget__width-initial elementor-widget-tablet__width-inherit elementor-widget-mobile__width-inherit elementor-invisible elementor-widget elementor-widget-heading\" data-id=\"e1ef1e5\" data-element_type=\"widget\" data-settings=\"{&quot;_animation&quot;:&quot;slideInUp&quot;}\" data-widget_type=\"heading.default\">\n\t\t\t\t\t<h1 class=\"elementor-heading-title elementor-size-default\">Modernisierung von Veranstaltungstechnik in S\u00fcdtirol\n<\/h1>\t\t\t\t<\/div>\n\t\t\t\t<div class=\"elementor-element elementor-element-8fe4190 elementor-invisible elementor-widget elementor-widget-heading\" data-id=\"8fe4190\" data-element_type=\"widget\" data-settings=\"{&quot;_animation&quot;:&quot;slideInUp&quot;}\" data-widget_type=\"heading.default\">\n\t\t\t\t\t<h3 class=\"elementor-heading-title elementor-size-default\">Technik erneuern. Qualit\u00e4t sichern. Zukunft gestalten.\n<\/h3>\t\t\t\t<\/div>\n\t\t\t\t<\/div>\n\t\t<div class=\"elementor-element elementor-element-9c289dd e-flex e-con-boxed elementor-invisible e-con e-parent\" data-id=\"9c289dd\" data-element_type=\"container\" data-settings=\"{&quot;animation&quot;:&quot;fadeInUp&quot;}\">\n\t\t\t\t\t<div class=\"e-con-inner\">\n\t\t\t\t<div class=\"elementor-element elementor-element-c316402 elementor-widget elementor-widget-text-editor\" data-id=\"c316402\" data-element_type=\"widget\" data-widget_type=\"text-editor.default\">\n\t\t\t\t\t\t\t\t\t<p><span style=\"font-weight: 400;\">Wir <strong>modernisieren B\u00fchnen-, Licht- und Tontechnik<\/strong> in Theatern, Vereinsh\u00e4usern und Kulturs\u00e4len in ganz S\u00fcdtirol.<\/span><span style=\"font-weight: 400;\"><br \/><\/span><span style=\"font-weight: 400;\">Mit \u00fcber 20 Jahren Erfahrung sorgen wir f\u00fcr <strong>nachhaltige L\u00f6sungen,<\/strong> die Sicherheit, Funktionalit\u00e4t und \u00c4sthetik vereinen.<\/span><\/p><p><span style=\"font-weight: 400;\"><br \/><strong>Unsere Ziele bei jedem Umbau:<\/strong><\/span><\/p><ul><li style=\"font-weight: 400;\" aria-level=\"1\"><span style=\"font-weight: 400;\">Sicherheit: normgerechte und benutzerfreundliche Technik<\/span><\/li><li style=\"font-weight: 400;\" aria-level=\"1\"><span style=\"font-weight: 400;\">Flexibilit\u00e4t: einfache Bedienung f\u00fcr alle Nutzergruppen<\/span><\/li><li style=\"font-weight: 400;\" aria-level=\"1\"><span style=\"font-weight: 400;\">Qualit\u00e4t: professionelle Licht- und Tonergebnisse f\u00fcr jede Veranstaltung<\/span><\/li><li style=\"font-weight: 400;\" aria-level=\"1\"><span style=\"font-weight: 400;\">Zukunftssicherheit: modulare Systeme, vorbereitet auf kommende Anforderungen (DMX, CAT, Dante, NDI etc.)<\/span><\/li><\/ul><p><strong>Eine Auswahl unserer Referenzen:<\/strong><\/p><ul><li style=\"font-weight: 400;\" aria-level=\"1\"><span style=\"font-weight: 400;\">Waltherhaus Bozen \u2013 komplette Modernisierung der B\u00fchnenbeleuchtung<\/span><\/li><li style=\"font-weight: 400;\" aria-level=\"1\"><span style=\"font-weight: 400;\">Vereinshaus Schenna \u2013 Integration moderner LED- und DMX-Technik<\/span><\/li><li style=\"font-weight: 400;\" aria-level=\"1\"><span style=\"font-weight: 400;\">Vereinshaus Nals \u2013 neue Ton- und Lichtverkabelung mit CAT-Backbone<\/span><\/li><li style=\"font-weight: 400;\" aria-level=\"1\"><span style=\"font-weight: 400;\">Kultursaal Schlanders \u2013 energieeffiziente LED-Umr\u00fcstung<\/span><\/li><li style=\"font-weight: 400;\" aria-level=\"1\"><span style=\"font-weight: 400;\">Vereinshaus Lengmoos \u2013 Beleuchtungskonzept mit motorisierter Portalstange<\/span><\/li><li><span style=\"font-weight: 400;\">Stadttheater Meran \u2013 Licht- und Beschallungsoptimierung<br \/><\/span><\/li><\/ul><p><span style=\"font-weight: 400;\"><br \/>\u2705<\/span><span style=\"font-weight: 400;\"> Professionelle Beratung durch Meister f\u00fcr Veranstaltungstechnik<\/span><\/p><p><span style=\"font-weight: 400;\">\u2705<\/span><span style=\"font-weight: 400;\"> Planung und Umsetzung aus einer Hand<\/span><\/p><p><span style=\"font-weight: 400;\">\u2705<\/span><span style=\"font-weight: 400;\"> Einweisung f\u00fcr alle Nutzergruppen vor Ort<\/span><\/p><p><span style=\"font-weight: 400;\">\u2705<\/span><span style=\"font-weight: 400;\"> Nachhaltige Technik mit klarer Kostenstruktur<\/span><\/p><p>Bereit, deine <strong>Veranstaltungstechnik auf den neuesten Stand<\/strong> zu bringen?<\/p><p>Wir begleiten dich von der ersten Idee bis zur fertigen Umsetzung \u2013 pr\u00e4zise, zuverl\u00e4ssig und zukunftssicher. Jetzt informieren!<\/p>\t\t\t\t\t\t\t\t<\/div>\n\t\t\t\t<div class=\"elementor-element elementor-element-a0f38b0 elementor-icon-list--layout-traditional elementor-list-item-link-full_width elementor-widget elementor-widget-icon-list\" data-id=\"a0f38b0\" data-element_type=\"widget\" data-widget_type=\"icon-list.default\">\n\t\t\t\t\t\t\t<ul class=\"elementor-icon-list-items\">\n\t\t\t\t\t\t\t<li class=\"elementor-icon-list-item\">\n\t\t\t\t\t\t\t\t\t\t\t<span class=\"elementor-icon-list-icon\">\n\t\t\t\t\t\t\t<svg aria-hidden=\"true\" class=\"e-font-icon-svg e-fas-check\" viewbox=\"0 0 512 512\" xmlns=\"http:\/\/www.w3.org\/2000\/svg\"><path d=\"M173.898 439.404l-166.4-166.4c-9.997-9.997-9.997-26.206 0-36.204l36.203-36.204c9.997-9.998 26.207-9.998 36.204 0L192 312.69 432.095 72.596c9.997-9.997 26.207-9.997 36.204 0l36.203 36.204c9.997 9.997 9.997 26.206 0 36.204l-294.4 294.401c-9.998 9.997-26.207 9.997-36.204-.001z\"><\/path><\/svg>\t\t\t\t\t\t<\/span>\n\t\t\t\t\t\t\t\t\t\t<span class=\"elementor-icon-list-text\">Sicherheit <\/span>\n\t\t\t\t\t\t\t\t\t<\/li>\n\t\t\t\t\t\t\t\t<li class=\"elementor-icon-list-item\">\n\t\t\t\t\t\t\t\t\t\t\t<span class=\"elementor-icon-list-icon\">\n\t\t\t\t\t\t\t<svg aria-hidden=\"true\" class=\"e-font-icon-svg e-fas-check\" viewbox=\"0 0 512 512\" xmlns=\"http:\/\/www.w3.org\/2000\/svg\"><path d=\"M173.898 439.404l-166.4-166.4c-9.997-9.997-9.997-26.206 0-36.204l36.203-36.204c9.997-9.998 26.207-9.998 36.204 0L192 312.69 432.095 72.596c9.997-9.997 26.207-9.997 36.204 0l36.203 36.204c9.997 9.997 9.997 26.206 0 36.204l-294.4 294.401c-9.998 9.997-26.207 9.997-36.204-.001z\"><\/path><\/svg>\t\t\t\t\t\t<\/span>\n\t\t\t\t\t\t\t\t\t\t<span class=\"elementor-icon-list-text\">Effizienz <\/span>\n\t\t\t\t\t\t\t\t\t<\/li>\n\t\t\t\t\t\t\t\t<li class=\"elementor-icon-list-item\">\n\t\t\t\t\t\t\t\t\t\t\t<span class=\"elementor-icon-list-icon\">\n\t\t\t\t\t\t\t<svg aria-hidden=\"true\" class=\"e-font-icon-svg e-fas-check\" viewbox=\"0 0 512 512\" xmlns=\"http:\/\/www.w3.org\/2000\/svg\"><path d=\"M173.898 439.404l-166.4-166.4c-9.997-9.997-9.997-26.206 0-36.204l36.203-36.204c9.997-9.998 26.207-9.998 36.204 0L192 312.69 432.095 72.596c9.997-9.997 26.207-9.997 36.204 0l36.203 36.204c9.997 9.997 9.997 26.206 0 36.204l-294.4 294.401c-9.998 9.997-26.207 9.997-36.204-.001z\"><\/path><\/svg>\t\t\t\t\t\t<\/span>\n\t\t\t\t\t\t\t\t\t\t<span class=\"elementor-icon-list-text\"> LED &amp; Ton-Upgrades<\/span>\n\t\t\t\t\t\t\t\t\t<\/li>\n\t\t\t\t\t\t<\/ul>\n\t\t\t\t\t\t<\/div>\n\t\t\t\t<div class=\"elementor-element elementor-element-9d37dc1 elementor-align-left elementor-invisible elementor-widget elementor-widget-button\" data-id=\"9d37dc1\" data-element_type=\"widget\" data-settings=\"{&quot;_animation&quot;:&quot;fadeInUp&quot;}\" data-widget_type=\"button.default\">\n\t\t\t\t\t\t\t\t\t\t<a class=\"elementor-button elementor-button-link elementor-size-sm\" href=\"https:\/\/crealight.it\/it\/kontak\/\">\n\t\t\t\t\t\t<span class=\"elementor-button-content-wrapper\">\n\t\t\t\t\t\t\t\t\t<span class=\"elementor-button-text\">Jetzt anfragen!<\/span>\n\t\t\t\t\t<\/span>\n\t\t\t\t\t<\/a>\n\t\t\t\t\t\t\t\t<\/div>\n\t\t\t\t\t<\/div>\n\t\t\t\t<\/div>\n\t\t<div class=\"elementor-element elementor-element-4614715 e-flex e-con-boxed e-con e-parent\" data-id=\"4614715\" data-element_type=\"container\">\n\t\t\t\t\t<div class=\"e-con-inner\">\n\t\t\t\t<div class=\"elementor-element elementor-element-514194f elementor-widget elementor-widget-image\" data-id=\"514194f\" data-element_type=\"widget\" data-widget_type=\"image.default\">\n\t\t\t\t\t\t\t\t\t\t\t\t\t\t\t<img fetchpriority=\"high\" decoding=\"async\" width=\"800\" height=\"448\" src=\"https:\/\/crealight.it\/wp-content\/uploads\/2025\/12\/u7437123671_realisstic_editorial_photograph_of_stage_lighting_63e8576b-2e24-4e41-ace3-cfa24f2c2dd3_1-1024x574.png\" class=\"attachment-large size-large wp-image-929\" alt=\"\" srcset=\"https:\/\/crealight.it\/wp-content\/uploads\/2025\/12\/u7437123671_realisstic_editorial_photograph_of_stage_lighting_63e8576b-2e24-4e41-ace3-cfa24f2c2dd3_1-1024x574.png 1024w, https:\/\/crealight.it\/wp-content\/uploads\/2025\/12\/u7437123671_realisstic_editorial_photograph_of_stage_lighting_63e8576b-2e24-4e41-ace3-cfa24f2c2dd3_1-300x168.png 300w, https:\/\/crealight.it\/wp-content\/uploads\/2025\/12\/u7437123671_realisstic_editorial_photograph_of_stage_lighting_63e8576b-2e24-4e41-ace3-cfa24f2c2dd3_1-768x430.png 768w, https:\/\/crealight.it\/wp-content\/uploads\/2025\/12\/u7437123671_realisstic_editorial_photograph_of_stage_lighting_63e8576b-2e24-4e41-ace3-cfa24f2c2dd3_1-18x10.png 18w, https:\/\/crealight.it\/wp-content\/uploads\/2025\/12\/u7437123671_realisstic_editorial_photograph_of_stage_lighting_63e8576b-2e24-4e41-ace3-cfa24f2c2dd3_1.png 1456w\" sizes=\"(max-width: 800px) 100vw, 800px\" \/>\t\t\t\t\t\t\t\t\t\t\t\t\t\t\t<\/div>\n\t\t\t\t\t<\/div>\n\t\t\t\t<\/div>\n\t\t\t\t<\/div>","protected":false},"excerpt":{"rendered":"<p>Modernisierung von Veranstaltungstechnik in S\u00fcdtirol Technik erneuern. Qualit\u00e4t sichern. Zukunft gestalten. Wir modernisieren B\u00fchnen-, Licht- und Tontechnik in Theatern, Vereinsh\u00e4usern und Kulturs\u00e4len in ganz S\u00fcdtirol.Mit \u00fcber 20 Jahren Erfahrung sorgen wir f\u00fcr nachhaltige L\u00f6sungen, die Sicherheit, Funktionalit\u00e4t und \u00c4sthetik vereinen. Unsere Ziele bei jedem Umbau: Sicherheit: normgerechte und benutzerfreundliche Technik Flexibilit\u00e4t: einfache Bedienung f\u00fcr alle [&hellip;]<\/p>","protected":false},"author":1,"featured_media":0,"parent":0,"menu_order":0,"comment_status":"closed","ping_status":"closed","template":"elementor_header_footer","meta":{"footnotes":""},"class_list":["post-227","page","type-page","status-publish","hentry"],"yoast_head":"<!-- This site is optimized with the Yoast SEO plugin v26.3 - https:\/\/yoast.com\/wordpress\/plugins\/seo\/ -->\n<title>\u25b7 Modernisierung von Veranstaltungstechnik | Crealight S\u00fcdtirol<\/title>\n<meta name=\"description\" content=\"Modernisierung &amp; technische Erneuerung f\u00fcr Theater, Kulturh\u00e4user &amp; S\u00e4le in S\u00fcdtirol.\u2713 Sicherheit \u2713 Effizienz \u2713 LED &amp; Ton-Upgrades \u27a1 Jetzt informieren!\" \/>\n<meta name=\"robots\" content=\"index, follow, max-snippet:-1, max-image-preview:large, max-video-preview:-1\" \/>\n<link rel=\"canonical\" href=\"https:\/\/crealight.it\/it\/installations\/\" \/>\n<meta property=\"og:locale\" content=\"it_IT\" \/>\n<meta property=\"og:type\" content=\"article\" \/>\n<meta property=\"og:title\" content=\"\u25b7 Modernisierung von Veranstaltungstechnik | Crealight S\u00fcdtirol\" \/>\n<meta property=\"og:description\" content=\"Modernisierung &amp; technische Erneuerung f\u00fcr Theater, Kulturh\u00e4user &amp; S\u00e4le in S\u00fcdtirol.\u2713 Sicherheit \u2713 Effizienz \u2713 LED &amp; Ton-Upgrades \u27a1 Jetzt informieren!\" \/>\n<meta property=\"og:url\" content=\"https:\/\/crealight.it\/it\/installations\/\" \/>\n<meta property=\"og:site_name\" content=\"Crealight Veranstaltungstechnik\" \/>\n<meta property=\"article:modified_time\" content=\"2025-12-27T17:10:25+00:00\" \/>\n<meta property=\"og:image\" content=\"https:\/\/crealight.it\/wp-content\/uploads\/2025\/12\/u7437123671_realisstic_editorial_photograph_of_stage_lighting_63e8576b-2e24-4e41-ace3-cfa24f2c2dd3_1.png\" \/>\n\t<meta property=\"og:image:width\" content=\"1456\" \/>\n\t<meta property=\"og:image:height\" content=\"816\" \/>\n\t<meta property=\"og:image:type\" content=\"image\/png\" \/>\n<meta name=\"twitter:card\" content=\"summary_large_image\" \/>\n<meta name=\"twitter:label1\" content=\"Tempo di lettura stimato\" \/>\n\t<meta name=\"twitter:data1\" content=\"1 minuto\" \/>\n<script type=\"application\/ld+json\" class=\"yoast-schema-graph\">{\"@context\":\"https:\/\/schema.org\",\"@graph\":[{\"@type\":\"WebPage\",\"@id\":\"https:\/\/crealight.it\/installations\/\",\"url\":\"https:\/\/crealight.it\/installations\/\",\"name\":\"\u25b7 Modernisierung von Veranstaltungstechnik | Crealight S\u00fcdtirol\",\"isPartOf\":{\"@id\":\"https:\/\/crealight.it\/#website\"},\"primaryImageOfPage\":{\"@id\":\"https:\/\/crealight.it\/installations\/#primaryimage\"},\"image\":{\"@id\":\"https:\/\/crealight.it\/installations\/#primaryimage\"},\"thumbnailUrl\":\"https:\/\/crealight.it\/wp-content\/uploads\/2025\/12\/u7437123671_realisstic_editorial_photograph_of_stage_lighting_63e8576b-2e24-4e41-ace3-cfa24f2c2dd3_1-1024x574.png\",\"datePublished\":\"2025-10-13T04:14:58+00:00\",\"dateModified\":\"2025-12-27T17:10:25+00:00\",\"description\":\"Modernisierung & technische Erneuerung f\u00fcr Theater, Kulturh\u00e4user & S\u00e4le in S\u00fcdtirol.\u2713 Sicherheit \u2713 Effizienz \u2713 LED & Ton-Upgrades \u27a1 Jetzt informieren!\",\"breadcrumb\":{\"@id\":\"https:\/\/crealight.it\/installations\/#breadcrumb\"},\"inLanguage\":\"it-IT\",\"potentialAction\":[{\"@type\":\"ReadAction\",\"target\":[\"https:\/\/crealight.it\/installations\/\"]}]},{\"@type\":\"ImageObject\",\"inLanguage\":\"it-IT\",\"@id\":\"https:\/\/crealight.it\/installations\/#primaryimage\",\"url\":\"https:\/\/crealight.it\/wp-content\/uploads\/2025\/12\/u7437123671_realisstic_editorial_photograph_of_stage_lighting_63e8576b-2e24-4e41-ace3-cfa24f2c2dd3_1-1024x574.png\",\"contentUrl\":\"https:\/\/crealight.it\/wp-content\/uploads\/2025\/12\/u7437123671_realisstic_editorial_photograph_of_stage_lighting_63e8576b-2e24-4e41-ace3-cfa24f2c2dd3_1-1024x574.png\"},{\"@type\":\"BreadcrumbList\",\"@id\":\"https:\/\/crealight.it\/installations\/#breadcrumb\",\"itemListElement\":[{\"@type\":\"ListItem\",\"position\":1,\"name\":\"Home\",\"item\":\"https:\/\/crealight.it\/\"},{\"@type\":\"ListItem\",\"position\":2,\"name\":\"INSTALLATIONS\"}]},{\"@type\":\"WebSite\",\"@id\":\"https:\/\/crealight.it\/#website\",\"url\":\"https:\/\/crealight.it\/\",\"name\":\"Crealight Veranstaltungstechnik\",\"description\":\"Light Audio Video Stage - Eventtechnik\",\"publisher\":{\"@id\":\"https:\/\/crealight.it\/#organization\"},\"potentialAction\":[{\"@type\":\"SearchAction\",\"target\":{\"@type\":\"EntryPoint\",\"urlTemplate\":\"https:\/\/crealight.it\/?s={search_term_string}\"},\"query-input\":{\"@type\":\"PropertyValueSpecification\",\"valueRequired\":true,\"valueName\":\"search_term_string\"}}],\"inLanguage\":\"it-IT\"},{\"@type\":\"Organization\",\"@id\":\"https:\/\/crealight.it\/#organization\",\"name\":\"Crealight Veranstaltungstechnik\",\"url\":\"https:\/\/crealight.it\/\",\"logo\":{\"@type\":\"ImageObject\",\"inLanguage\":\"it-IT\",\"@id\":\"https:\/\/crealight.it\/#\/schema\/logo\/image\/\",\"url\":\"https:\/\/crealight.it\/wp-content\/uploads\/2025\/12\/cropped-cropped-crealight-logo-positiv-rgb.png\",\"contentUrl\":\"https:\/\/crealight.it\/wp-content\/uploads\/2025\/12\/cropped-cropped-crealight-logo-positiv-rgb.png\",\"width\":842,\"height\":144,\"caption\":\"Crealight Veranstaltungstechnik \"},\"image\":{\"@id\":\"https:\/\/crealight.it\/#\/schema\/logo\/image\/\"}}]}<\/script>\n<!-- \/ Yoast SEO plugin. -->","yoast_head_json":{"title":"\u25b7 Modernisierung von Veranstaltungstechnik | Crealight S\u00fcdtirol","description":"Modernisierung & technische Erneuerung f\u00fcr Theater, Kulturh\u00e4user & S\u00e4le in S\u00fcdtirol.\u2713 Sicherheit \u2713 Effizienz \u2713 LED & Ton-Upgrades \u27a1 Jetzt informieren!","robots":{"index":"index","follow":"follow","max-snippet":"max-snippet:-1","max-image-preview":"max-image-preview:large","max-video-preview":"max-video-preview:-1"},"canonical":"https:\/\/crealight.it\/it\/installations\/","og_locale":"it_IT","og_type":"article","og_title":"\u25b7 Modernisierung von Veranstaltungstechnik | Crealight S\u00fcdtirol","og_description":"Modernisierung & technische Erneuerung f\u00fcr Theater, Kulturh\u00e4user & S\u00e4le in S\u00fcdtirol.\u2713 Sicherheit \u2713 Effizienz \u2713 LED & Ton-Upgrades \u27a1 Jetzt informieren!","og_url":"https:\/\/crealight.it\/it\/installations\/","og_site_name":"Crealight Veranstaltungstechnik","article_modified_time":"2025-12-27T17:10:25+00:00","og_image":[{"width":1456,"height":816,"url":"https:\/\/crealight.it\/wp-content\/uploads\/2025\/12\/u7437123671_realisstic_editorial_photograph_of_stage_lighting_63e8576b-2e24-4e41-ace3-cfa24f2c2dd3_1.png","type":"image\/png"}],"twitter_card":"summary_large_image","twitter_misc":{"Tempo di lettura stimato":"1 minuto"},"schema":{"@context":"https:\/\/schema.org","@graph":[{"@type":"WebPage","@id":"https:\/\/crealight.it\/installations\/","url":"https:\/\/crealight.it\/installations\/","name":"\u25b7 Modernisierung von Veranstaltungstechnik | Crealight S\u00fcdtirol","isPartOf":{"@id":"https:\/\/crealight.it\/#website"},"primaryImageOfPage":{"@id":"https:\/\/crealight.it\/installations\/#primaryimage"},"image":{"@id":"https:\/\/crealight.it\/installations\/#primaryimage"},"thumbnailUrl":"https:\/\/crealight.it\/wp-content\/uploads\/2025\/12\/u7437123671_realisstic_editorial_photograph_of_stage_lighting_63e8576b-2e24-4e41-ace3-cfa24f2c2dd3_1-1024x574.png","datePublished":"2025-10-13T04:14:58+00:00","dateModified":"2025-12-27T17:10:25+00:00","description":"Modernisierung & technische Erneuerung f\u00fcr Theater, Kulturh\u00e4user & S\u00e4le in S\u00fcdtirol.\u2713 Sicherheit \u2713 Effizienz \u2713 LED & Ton-Upgrades \u27a1 Jetzt informieren!","breadcrumb":{"@id":"https:\/\/crealight.it\/installations\/#breadcrumb"},"inLanguage":"it-IT","potentialAction":[{"@type":"ReadAction","target":["https:\/\/crealight.it\/installations\/"]}]},{"@type":"ImageObject","inLanguage":"it-IT","@id":"https:\/\/crealight.it\/installations\/#primaryimage","url":"https:\/\/crealight.it\/wp-content\/uploads\/2025\/12\/u7437123671_realisstic_editorial_photograph_of_stage_lighting_63e8576b-2e24-4e41-ace3-cfa24f2c2dd3_1-1024x574.png","contentUrl":"https:\/\/crealight.it\/wp-content\/uploads\/2025\/12\/u7437123671_realisstic_editorial_photograph_of_stage_lighting_63e8576b-2e24-4e41-ace3-cfa24f2c2dd3_1-1024x574.png"},{"@type":"BreadcrumbList","@id":"https:\/\/crealight.it\/installations\/#breadcrumb","itemListElement":[{"@type":"ListItem","position":1,"name":"Home","item":"https:\/\/crealight.it\/"},{"@type":"ListItem","position":2,"name":"INSTALLATIONS"}]},{"@type":"WebSite","@id":"https:\/\/crealight.it\/#website","url":"https:\/\/crealight.it\/","name":"Crealight Veranstaltungstechnik","description":"Light Audio Video Stage - Eventtechnik","publisher":{"@id":"https:\/\/crealight.it\/#organization"},"potentialAction":[{"@type":"SearchAction","target":{"@type":"EntryPoint","urlTemplate":"https:\/\/crealight.it\/?s={search_term_string}"},"query-input":{"@type":"PropertyValueSpecification","valueRequired":true,"valueName":"search_term_string"}}],"inLanguage":"it-IT"},{"@type":"Organization","@id":"https:\/\/crealight.it\/#organization","name":"Crealight Veranstaltungstechnik","url":"https:\/\/crealight.it\/","logo":{"@type":"ImageObject","inLanguage":"it-IT","@id":"https:\/\/crealight.it\/#\/schema\/logo\/image\/","url":"https:\/\/crealight.it\/wp-content\/uploads\/2025\/12\/cropped-cropped-crealight-logo-positiv-rgb.png","contentUrl":"https:\/\/crealight.it\/wp-content\/uploads\/2025\/12\/cropped-cropped-crealight-logo-positiv-rgb.png","width":842,"height":144,"caption":"Crealight Veranstaltungstechnik "},"image":{"@id":"https:\/\/crealight.it\/#\/schema\/logo\/image\/"}}]}},"_links":{"self":[{"href":"https:\/\/crealight.it\/it\/wp-json\/wp\/v2\/pages\/227","targetHints":{"allow":["GET"]}}],"collection":[{"href":"https:\/\/crealight.it\/it\/wp-json\/wp\/v2\/pages"}],"about":[{"href":"https:\/\/crealight.it\/it\/wp-json\/wp\/v2\/types\/page"}],"author":[{"embeddable":true,"href":"https:\/\/crealight.it\/it\/wp-json\/wp\/v2\/users\/1"}],"replies":[{"embeddable":true,"href":"https:\/\/crealight.it\/it\/wp-json\/wp\/v2\/comments?post=227"}],"version-history":[{"count":10,"href":"https:\/\/crealight.it\/it\/wp-json\/wp\/v2\/pages\/227\/revisions"}],"predecessor-version":[{"id":997,"href":"https:\/\/crealight.it\/it\/wp-json\/wp\/v2\/pages\/227\/revisions\/997"}],"wp:attachment":[{"href":"https:\/\/crealight.it\/it\/wp-json\/wp\/v2\/media?parent=227"}],"curies":[{"name":"wp","href":"https:\/\/api.w.org\/{rel}","templated":true}]}}